{"id":20625,"date":"2024-07-12T12:52:45","date_gmt":"2024-07-12T10:52:45","guid":{"rendered":"https:\/\/videosoundart.com\/open-call-2024\/"},"modified":"2024-07-12T12:52:45","modified_gmt":"2024-07-12T10:52:45","slug":"open-call-2024","status":"publish","type":"page","link":"https:\/\/videosoundart.com\/en\/open-call-2024\/","title":{"rendered":"Open Call 2024"},"content":{"rendered":"\n<h3 class=\"wp-block-heading\"><em>CASE<\/em><\/h3>\n\n\n\n<div style=\"height:11px\" aria-hidden=\"true\" class=\"wp-block-spacer\"><\/div>\n\n\n\n<div class=\"wp-block-columns is-layout-flex wp-container-core-columns-is-layout-9d6595d7 wp-block-columns-is-layout-flex\">\n<div class=\"wp-block-column is-layout-flow wp-block-column-is-layout-flow\" style=\"flex-basis:66.66%\">\n<p>Dal 2011 Video Sound Art supporta giovani artisti nella produzione di nuove opere attraverso una Open Call annuale che offre opportunit\u00e0 di ricerca, a partire da percorsi di residenza, in dialogo con archivisti,&nbsp;studiosi, artigiani, esperti del settore e l\u2019intero team del festival.&nbsp;<\/p>\n\n\n\n<p>In risposta ad un momento storico di forte crisi &#8211; culturale, geopolitica, ambientale &#8211; che richiede da parte di tutti un\u2019attitudine critica, Video Sound Art lancia una nuova Open Call in occasione della XIV edizione del festival proponendo per la prima volta di sospendere il consueto processo di produzione di nuove opere e porre al centro un approfondimento critico teorico.<\/p>\n\n\n\n<p>L\u2019Open Call, intitolata CASE, \u00e8 incentrata sul tema dell\u2019abitare e confluir\u00e0 nella quattordicesima edizione del festival in programma nel mese di Ottobre 2024 a Milano, nel quartiere Lodi &#8211; Corvetto.<\/p>\n\n\n\n<div style=\"height:26px\" aria-hidden=\"true\" class=\"wp-block-spacer\"><\/div>\n\n\n\n<div style=\"height:31px\" aria-hidden=\"true\" class=\"wp-block-spacer\"><\/div>\n\n\n\n<figure class=\"wp-block-image size-full is-resized\"><img decoding=\"async\" src=\"https:\/\/videosoundart.com\/wp-content\/uploads\/2024\/07\/tools_for_conviviality_rashid-660x420_https___northernschool.info_node_600.jpg\" alt=\"\" class=\"wp-image-19397\" style=\"width:843px;height:auto\"\/><figcaption class=\"wp-element-caption\">Ph: Tools for conviviality, https:\/\/northernschool.info\/node\/600<\/figcaption><\/figure>\n\n\n\n<div style=\"height:31px\" aria-hidden=\"true\" class=\"wp-block-spacer\"><\/div>\n\n\n\n<p class=\"has-text-align-center\"><em>Gli strumenti favoriscono la convivialit\u00e0 quando:<br>&#8211; possono essere usati facilmente, da chiunque, con la frequenza che si desidera<br>&#8211; sono utilizzati per raggiungere lo scopo individuato dalla persona<br>&#8211; l&#8217;uso di tali strumenti da parte di una persona non impedisce a un&#8217;altra di usarli allo stesso modo<br>&#8211; non richiedono una precedente certificazione da parte di chi li usa<br>&#8211; la loro esistenza non impone alcun obbligo di utilizzo<\/em><\/p>\n\n\n\n<div style=\"height:35px\" aria-hidden=\"true\" class=\"wp-block-spacer\"><\/div>\n\n\n\n<p>L\u2019Open Call nasce dall\u2019intenzione di riflettere sul tema CASE attraverso una metodologia \u201cconviviale\u201d, favorendo una riflessione comune e partecipata che si svolger\u00e0 durante le giornate del festival.<\/p>\n\n\n\n<p>Una societ\u00e0 conviviale, facendo riferimento a quanto teorizzato da Ivan Illich, si fonda sull&#8217;energia personale, sulla capacit\u00e0 di ciascuno di controllare questa energia e di porla in connessione con gli altri favorendo la costruzione condivisa di domande di senso collettivo e civico.<\/p>\n\n\n\n<p>L\u2019obiettivo \u00e8 quello di favorire la risignificazione delle forme culturali e sociali alimentando lo sviluppo consapevole di una teoria della creativit\u00e0 culturale. Il riferimento esplicito \u00e8 al lavoro dell\u2019antropologo Tim Ingold che ci ricorda come sia fondamentale oggi lavorare in contesti caratterizzati dalla compresenza o convivenza interculturale a partire dallo studiare &#8220;con le persone&#8221; e costruendo nuove modalit\u00e0 di visioni e vissuti del mondo.<\/p>\n\n\n\n<div style=\"height:31px\" aria-hidden=\"true\" class=\"wp-block-spacer\"><\/div>\n\n\n\n<figure class=\"wp-block-image size-large\"><img loading=\"lazy\" decoding=\"async\" width=\"1398\" height=\"1049\" src=\"https:\/\/videosoundart.com\/wp-content\/uploads\/2024\/07\/7.-Rouzbeh-Akhbari-Por-ser-a-terra-muito-calmosa-2020.-Glazed-ceramic-mural-160-x-200-cm-edited-2.png\" alt=\"\" class=\"wp-image-19594\" srcset=\"https:\/\/videosoundart.com\/wp-content\/uploads\/2024\/07\/7.-Rouzbeh-Akhbari-Por-ser-a-terra-muito-calmosa-2020.-Glazed-ceramic-mural-160-x-200-cm-edited-2.png 1398w, https:\/\/videosoundart.com\/wp-content\/uploads\/2024\/07\/7.-Rouzbeh-Akhbari-Por-ser-a-terra-muito-calmosa-2020.-Glazed-ceramic-mural-160-x-200-cm-edited-2-720x540.png 720w, https:\/\/videosoundart.com\/wp-content\/uploads\/2024\/07\/7.-Rouzbeh-Akhbari-Por-ser-a-terra-muito-calmosa-2020.-Glazed-ceramic-mural-160-x-200-cm-edited-2-1024x768.png 1024w, https:\/\/videosoundart.com\/wp-content\/uploads\/2024\/07\/7.-Rouzbeh-Akhbari-Por-ser-a-terra-muito-calmosa-2020.-Glazed-ceramic-mural-160-x-200-cm-edited-2-768x576.png 768w\" sizes=\"auto, (max-width: 1398px) 100vw, 1398px\" \/><figcaption class=\"wp-element-caption\">Ph: Rouzbeh Akhbari,&nbsp;<em>Por ser a terra muito calmosa<\/em>, 2020. Glazed ceramic mural, 160 x 200 cm.<\/figcaption><\/figure>\n\n\n\n<div style=\"height:40px\" aria-hidden=\"true\" class=\"wp-block-spacer\"><\/div>\n\n\n\n<div class=\"wp-block-columns is-layout-flex wp-container-core-columns-is-layout-9d6595d7 wp-block-columns-is-layout-flex\">\n<div class=\"wp-block-column is-layout-flow wp-block-column-is-layout-flow\" style=\"flex-basis:100%\"><div class=\"wp-bootstrap-blocks-row row\">\n\t\n\n<div class=\"col-12 col-md-12\">\n\t\t\t\n\n<div class=\"wp-block-buttons is-content-justification-center is-layout-flex wp-container-core-buttons-is-layout-16018d1d wp-block-buttons-is-layout-flex\">\n<div class=\"wp-block-button aligncenter is-style-outline is-style-outline--1\"><a class=\"wp-block-button__link wp-element-button\" href=\"https:\/\/videosoundart.com\/en\/case\/\" style=\"border-radius:0px\">Per approfondire la ricerca, leggi qui<\/a><\/div>\n<\/div>\n\n\n\n<div style=\"height:52px\" aria-hidden=\"true\" class=\"wp-block-spacer\"><\/div>\n\n\t<\/div>\n\n<\/div>\n<\/div>\n<\/div>\n\n\n\n<div class=\"wp-block-genesis-blocks-gb-accordion gb-block-accordion\"><details><summary class=\"gb-accordion-title\"><strong>Scopri come partecipare <\/strong><\/summary><div class=\"gb-accordion-text\">\n<p>La chiamata \u00e8 rivolta a studenti inseriti in un percorso accademico, ricercatori indipendenti (anche coloro che seguono una pratica artistica) e studenti maggiorenni delle scuole secondarie di secondo grado. Unico criterio di ammissibilit\u00e0 \u00e8 costituito dall&#8217;aver compiuto 18 anni. Le ricerche saranno presentate in forma testuale e potranno nascere da una riflessione critica sul tema, da un&#8217;idea per lo sviluppo di un progetto o di un workshop futuri. La call vuole stimolare riflessioni sul tema CASE in grado di valorizzarne le sue svariate accezioni e sfumature.<\/p>\n\n\n\n<p>Inviare la propria candidatura alla email <a href=\"mailto:opencall@videosoundart.com\">opencall@videosoundart.com<\/a><strong> <\/strong>specificando nell\u2019oggetto \u201cCandidatura Open Call 2024\u201d. <\/p>\n\n\n\n<p>Alla mail dovr\u00e0 essere allegato un file in formato pdf contenente obbligatoriamente:<\/p>\n\n\n\n<p>&#8211; abstract della ricerca (max 5400 caratteri spazi inclusi)<\/p>\n\n\n\n<p>&#8211; bio sintetica&nbsp; (max 1000 caratteri spazi inclusi)<\/p>\n\n\n\n<p>&#8211; bibliografia della ricerca (max 4 riferimenti)<\/p>\n\n\n\n<p>Nella mail dovranno essere specificati i dati anagrafici del proponente con anche un recapito telefonico. Per evitare errori di trasmissione della mail si invita a verificare che l\u2019allegato non sia di dimensioni maggiori a 2MB.<\/p>\n\n\n\n<p><span style=\"text-decoration: underline;\">Facoltativamente<\/span> il documento potr\u00e0 essere corredato da elementi visuali quali immagini, disegni, grafiche ecc.. (max 3 pagine).<\/p>\n<\/div><\/details><\/div>\n\n\n\n<div style=\"height:0px\" aria-hidden=\"true\" class=\"wp-block-spacer\"><\/div>\n\n\n\n<div class=\"wp-block-genesis-blocks-gb-accordion gb-block-accordion\"><details><summary class=\"gb-accordion-title\"><strong>Criteri di selezione e premi<\/strong><\/summary><div class=\"gb-accordion-text\">\n<p>Le proposte saranno selezionate sulla base dei seguenti criteri:<\/p>\n\n\n\n<ul class=\"wp-block-list\">\n<li>coerenza con il tema della call<\/li>\n\n\n\n<li>chiarezza nell\u2019impostazione<\/li>\n\n\n\n<li>saranno valutate positivamente le ricerche che potranno essere condivise pubblicamente attraverso metodologie di restituzione partecipata (tra cui a titolo esemplificativo un\u2019idea di workshop a partire dalla ricerca presentata)<\/li>\n<\/ul>\n\n\n\n<p>I vincitori riceveranno un premio pari a 400 euro come invito a proseguire la ricerca pi\u00f9 la copertura delle eventuali spese di viaggio e alloggio.&nbsp;&nbsp;<\/p>\n\n\n\n<p>Le fasi della chiamata prevedono:&nbsp;<\/p>\n\n\n\n<p>a. invio degli abstract entro il <strong>22 Settembre<\/strong><\/p>\n\n\n\n<p>b. selezione dei vincitori entro il 10 Ottobre 2024<\/p>\n\n\n\n<p>c. incontro con lo staff e mentor nella seconda met\u00e0 di Ottobre&nbsp;<\/p>\n\n\n\n<p>d. restituzione pubblica durante le giornate destinate allo svolgimento del progetto (24- 25- 26-27 Ottobre) presso il Circolo San Luis 1946 di Milano, centro nevralgico della XIV edizione del festival.&nbsp;<\/p>\n\n\n\n<p><\/p>\n<\/div><\/details><\/div>\n\n\n\n<div class=\"wp-block-genesis-blocks-gb-accordion gb-block-accordion\"><details><summary class=\"gb-accordion-title\"><strong>Giuria<\/strong><\/summary><div class=\"gb-accordion-text\">\n<p><strong>ANNUNZIATA ALBANO<\/strong><br>Annunziata Albano \u00e8 designer e dottoranda presso il Politecnico di Milano. La sua ricerca si concentra sui servizi pubblici come i Laboratori di Quartiere, integrando progettazione partecipativa e service design per promuovere la cooperazione tra attori locali. \u00c8 coinvolta nelle attivit\u00e0 di Off Campus Cascina Nosedo nel quartiere Corvetto e collabora con diverse organizzazioni del terzo settore. Annunziata ha una formazione in spatial design, ed \u00e8 stata coinvolta in vari progetti caratterizzati dal loro impatto sociale, tra cui le linee guida per le <em>Stanze della Vita <\/em>dell\u2019Associazione Italiana Donatori di Organi, l&#8217;organizzazione del workshop <em>Design for Ukraine\u2019s Heritage<\/em> e la mostra itinerante <em>Senzatomica<\/em>.<\/p>\n\n\n\n<p><strong>SARA BORRILLO<\/strong><br>Sara Borrillo \u00e8 professoressa associata di Storia dei paesi islamici all\u2019Universit\u00e0 di Napoli \u201cL\u2019Orientale\u201d, dove attualmente coordina il progetto <em>MEGAMAPS \u2013 Mapping Emerging Gender Artivism in the Mediterranean Arab Public Space<\/em> finanziato dal Consiglio europeo della ricerca (ERC). Si occupa di questioni di genere, movimenti femministi in Medio Oriente e Nord Africa, autorit\u00e0 religiose femminili e pensiero islamico riformista, nonch\u00e9 di attivismo, trasformazioni socio-politiche e pratiche artistiche e culturali nella regione araba dopo il 2010-2011. Ha collaborato con diversi atenei, enti di ricerca e ONG in Italia e all&#8217;estero. Tra le sue pubblicazioni, si segnalano <em>Artivism, Culture and knowledge Production for Egalitarian Citizenship in the Middle East and North Africa post 2011<\/em> (con Mounira Soliman), <em>Studi Maghrebini,<\/em> (Brill, 2020) e la monografia <em>Femminismi e Islam in Marocco. Attiviste laiche, teologhe, predicatrici<\/em> (ESI, 2017).<\/p>\n\n\n\n<p><strong>FRANCESCO CHIODELLI<\/strong><br>Francesco Chiodelli \u00e8 professore associato in geografia economico-politica presso l&#8217;Universit\u00e0 degli Studi di Torino (Dipartimento Interuniversitario di Studi e Pianificazione Territoriale e Urbana), dove dirige OMERO &#8211; Centro Interdipartimentale di ricerca per gli studi urbani. La sua ricerca si colloca all&#8217;intersezione tra spazio urbano e istituzioni (norme e regole in particolare), con un focus specifico sulle questioni illegalit\u00e0, informalit\u00e0, conflitto, diversit\u00e0 e pluralismo. I suoi articoli sono apparsi sulle principali riviste internazionali nel campo della geografia, dell&#8217;urbanistica e degli studi urbani. Scrive regolarmente per alcuni quotidiani italiani, come Il Manifesto e Huffington Post Italia.<\/p>\n\n\n\n<p><strong>LAURA RACCANELLI<\/strong><br>Laura Raccanelli \u00e8 antropologa urbana e dottoranda Urbeur &#8211; Studi Urbani presso l&#8217;Universit\u00e0 di Milano Bicocca. Nelle sue ricerche si occupa di analizzare le trasformazioni urbane attraverso il metodo etnografico, attualmente sta lavorando all&#8217;etnografia del quartiere Corvetto di Milano, interessandosi ai processi di produzione delle disuguaglianze spaziali, con un focus sulle relazioni tra estetica e politica, e sul ruolo dell\u2019arte in periferia in quello che &#8211; osservando l&#8217;impatto delle Olimpiadi invernali Milano-Cortina 2026 &#8211; definisce &#8220;il quartiere del pre-mega evento\u201d. \u00c8 anche autrice di sceneggiature per il cinema documentario e di finzione, ha scritto di citt\u00e0 e quartieri per la rivista <em>Monitor.<\/em><\/p>\n\n\n\n<p><\/p>\n\n\n\n<p>Al processo di selezione parteciperanno <strong>Laura Lamonea,<\/strong> direttrice artistica e curatrice del festival; <strong>Erica Petrillo<\/strong>, curatrice e responsabile ricerca della XIV edizione; <strong>Tommaso Santagostino<\/strong>, coordinatore dell&#8217;open call.<\/p>\n<\/div><\/details><\/div>\n\n\n\n<p>Bibliografia di riferimento:<\/p>\n\n\n\n<p>AA.VV., <em>Arabpop. Rivista di arti e letterature arabe contemporanee<\/em> <em>Vol. 4: Casa<\/em>, 2023, Napoli<\/p>\n\n\n\n<p>Illich I., <em>La Convivialit\u00e0<\/em>, 1974, Milano ed.or. <em>Tools for Conviviality<\/em>, New York, 1973<\/p>\n\n\n\n<p>Ingold T., <em>Antropologia. Ripensare il mondo<\/em>, Milano, 2020 ed.or. <em>Anthropology. Why It Matters<\/em>, Cambridge, 2018<\/p>\n\n\n\n<p>Meschiari M., <em>Disabitare. Antropologie dello spazio domestico<\/em>, Milano, 2018<\/p>\n<\/div>\n\n\n\n<div class=\"wp-block-column is-layout-flow wp-block-column-is-layout-flow\" style=\"flex-basis:33.33%\">\n<p class=\"has-text-align-right\"><strong>Open Call 2024<br>CASE<\/strong><\/p>\n\n\n\n<p class=\"has-text-align-right\"><strong>Apertura Open Call<\/strong><br>25 Luglio \u2013 15 Settembre 2024<br><strong>ESTENSIONE 22 SETTEMBRE<\/strong><br><br><strong>Proclamazione vincitori<\/strong><br>entro il 10 Ottobre 2024<br><br><strong>Presentazione al pubblico<\/strong><br>24 &#8211; 25 &#8211; 26 &#8211; 27 Ottobre 2024<br>presso Circolo San Luis 1946<br>in via Don Bosco 7, Milano<\/p>\n\n\n\n<p class=\"has-text-align-right\">Per partecipare, scrivi a:<br>opencall@videosoundart.com<br><br><strong>Da un&#8217;idea di<\/strong><br>Laura Lamonea e Tommaso Santagostino<\/p>\n\n\n\n<p class=\"has-text-align-right\"><strong>Coordinamento Open Call:<br><\/strong>Tommaso Santagostino<\/p>\n\n\n\n<p class=\"has-text-align-right\"><strong>La ricerca CASE di<br><\/strong>Erica Petrillo con BASE Milano<br>sviluppata nel contesto di<br>una residenza curatoriale nel 2023\/2024<\/p>\n\n\n\n<p class=\"has-text-align-right\"><strong><a href=\"https:\/\/videosoundart.com\/en\/case\/\">Approfondisci la ricerca<\/a><\/strong><\/p>\n<\/div>\n<\/div>\n","protected":false},"excerpt":{"rendered":"<p>CASE Dal 2011 Video Sound Art supporta giovani artisti nella produzione di nuove opere attraverso una Open Call annuale che offre opportunit\u00e0 di ricerca, a partire da percorsi di residenza, in dialogo con archivisti,&nbsp;studiosi, artigiani, esperti del settore e l\u2019intero team del festival.&nbsp; In risposta ad un momento storico di forte crisi &#8211; culturale, geopolitica, &hellip; <a href=\"https:\/\/videosoundart.com\/en\/open-call-2024\/\">Continued<\/a><\/p>\n","protected":false},"author":1,"featured_media":0,"parent":0,"menu_order":0,"comment_status":"closed","ping_status":"closed","template":"","meta":{"_acf_changed":false,"footnotes":""},"class_list":["post-20625","page","type-page","status-publish","hentry"],"acf":[],"yoast_head":"<!-- This site is optimized with the Yoast SEO plugin v26.2 - https:\/\/yoast.com\/wordpress\/plugins\/seo\/ -->\n<title>Open Call 2024 - Video Sound Art<\/title>\n<meta name=\"robots\" content=\"index, follow, max-snippet:-1, max-image-preview:large, max-video-preview:-1\" \/>\n<link rel=\"canonical\" href=\"https:\/\/videosoundart.com\/en\/open-call-2024\/\" \/>\n<meta property=\"og:locale\" content=\"en_US\" \/>\n<meta property=\"og:type\" content=\"article\" \/>\n<meta property=\"og:title\" content=\"Open Call 2024 - Video Sound Art\" \/>\n<meta property=\"og:description\" content=\"CASE Dal 2011 Video Sound Art supporta giovani artisti nella produzione di nuove opere attraverso una Open Call annuale che offre opportunit\u00e0 di ricerca, a partire da percorsi di residenza, in dialogo con archivisti,&nbsp;studiosi, artigiani, esperti del settore e l\u2019intero team del festival.&nbsp; In risposta ad un momento storico di forte crisi &#8211; culturale, geopolitica, &hellip; Continued\" \/>\n<meta property=\"og:url\" content=\"https:\/\/videosoundart.com\/en\/open-call-2024\/\" \/>\n<meta property=\"og:site_name\" content=\"Video Sound Art\" \/>\n<meta property=\"og:image\" content=\"https:\/\/videosoundart.com\/wp-content\/uploads\/2024\/07\/tools_for_conviviality_rashid-660x420_https___northernschool.info_node_600.jpg\" \/>\n<meta name=\"twitter:label1\" content=\"Est. reading time\" \/>\n\t<meta name=\"twitter:data1\" content=\"6 minutes\" \/>\n<script type=\"application\/ld+json\" class=\"yoast-schema-graph\">{\"@context\":\"https:\/\/schema.org\",\"@graph\":[{\"@type\":\"WebPage\",\"@id\":\"https:\/\/videosoundart.com\/en\/open-call-2024\/\",\"url\":\"https:\/\/videosoundart.com\/en\/open-call-2024\/\",\"name\":\"Open Call 2024 - Video Sound Art\",\"isPartOf\":{\"@id\":\"https:\/\/videosoundart.com\/en\/#website\"},\"primaryImageOfPage\":{\"@id\":\"https:\/\/videosoundart.com\/en\/open-call-2024\/#primaryimage\"},\"image\":{\"@id\":\"https:\/\/videosoundart.com\/en\/open-call-2024\/#primaryimage\"},\"thumbnailUrl\":\"https:\/\/videosoundart.com\/wp-content\/uploads\/2024\/07\/tools_for_conviviality_rashid-660x420_https___northernschool.info_node_600.jpg\",\"datePublished\":\"2024-07-12T10:52:45+00:00\",\"breadcrumb\":{\"@id\":\"https:\/\/videosoundart.com\/en\/open-call-2024\/#breadcrumb\"},\"inLanguage\":\"en-US\",\"potentialAction\":[{\"@type\":\"ReadAction\",\"target\":[\"https:\/\/videosoundart.com\/en\/open-call-2024\/\"]}]},{\"@type\":\"ImageObject\",\"inLanguage\":\"en-US\",\"@id\":\"https:\/\/videosoundart.com\/en\/open-call-2024\/#primaryimage\",\"url\":\"https:\/\/videosoundart.com\/wp-content\/uploads\/2024\/07\/tools_for_conviviality_rashid-660x420_https___northernschool.info_node_600.jpg\",\"contentUrl\":\"https:\/\/videosoundart.com\/wp-content\/uploads\/2024\/07\/tools_for_conviviality_rashid-660x420_https___northernschool.info_node_600.jpg\"},{\"@type\":\"BreadcrumbList\",\"@id\":\"https:\/\/videosoundart.com\/en\/open-call-2024\/#breadcrumb\",\"itemListElement\":[{\"@type\":\"ListItem\",\"position\":1,\"name\":\"Videosoundart\",\"item\":\"https:\/\/videosoundart.com\/en\/\"},{\"@type\":\"ListItem\",\"position\":2,\"name\":\"Open Call 2024\"}]},{\"@type\":\"WebSite\",\"@id\":\"https:\/\/videosoundart.com\/en\/#website\",\"url\":\"https:\/\/videosoundart.com\/en\/\",\"name\":\"Video Sound Art\",\"description\":\"Video Sound Art \u00e8 un progetto permanente che favorisce l&#039;applicazione delle nuove tecnologie digitali in ambito artistico.\",\"publisher\":{\"@id\":\"https:\/\/videosoundart.com\/en\/#organization\"},\"potentialAction\":[{\"@type\":\"SearchAction\",\"target\":{\"@type\":\"EntryPoint\",\"urlTemplate\":\"https:\/\/videosoundart.com\/en\/?s={search_term_string}\"},\"query-input\":{\"@type\":\"PropertyValueSpecification\",\"valueRequired\":true,\"valueName\":\"search_term_string\"}}],\"inLanguage\":\"en-US\"},{\"@type\":\"Organization\",\"@id\":\"https:\/\/videosoundart.com\/en\/#organization\",\"name\":\"Video Sound Art\",\"url\":\"https:\/\/videosoundart.com\/en\/\",\"logo\":{\"@type\":\"ImageObject\",\"inLanguage\":\"en-US\",\"@id\":\"https:\/\/videosoundart.com\/en\/#\/schema\/logo\/image\/\",\"url\":\"https:\/\/videosoundart.com\/wp-content\/uploads\/2020\/01\/cropped-logo.png\",\"contentUrl\":\"https:\/\/videosoundart.com\/wp-content\/uploads\/2020\/01\/cropped-logo.png\",\"width\":919,\"height\":600,\"caption\":\"Video Sound Art\"},\"image\":{\"@id\":\"https:\/\/videosoundart.com\/en\/#\/schema\/logo\/image\/\"}}]}<\/script>\n<!-- \/ Yoast SEO plugin. -->","yoast_head_json":{"title":"Open Call 2024 - Video Sound Art","robots":{"index":"index","follow":"follow","max-snippet":"max-snippet:-1","max-image-preview":"max-image-preview:large","max-video-preview":"max-video-preview:-1"},"canonical":"https:\/\/videosoundart.com\/en\/open-call-2024\/","og_locale":"en_US","og_type":"article","og_title":"Open Call 2024 - Video Sound Art","og_description":"CASE Dal 2011 Video Sound Art supporta giovani artisti nella produzione di nuove opere attraverso una Open Call annuale che offre opportunit\u00e0 di ricerca, a partire da percorsi di residenza, in dialogo con archivisti,&nbsp;studiosi, artigiani, esperti del settore e l\u2019intero team del festival.&nbsp; In risposta ad un momento storico di forte crisi &#8211; culturale, geopolitica, &hellip; Continued","og_url":"https:\/\/videosoundart.com\/en\/open-call-2024\/","og_site_name":"Video Sound Art","og_image":[{"url":"https:\/\/videosoundart.com\/wp-content\/uploads\/2024\/07\/tools_for_conviviality_rashid-660x420_https___northernschool.info_node_600.jpg","type":"","width":"","height":""}],"twitter_misc":{"Est. reading time":"6 minutes"},"schema":{"@context":"https:\/\/schema.org","@graph":[{"@type":"WebPage","@id":"https:\/\/videosoundart.com\/en\/open-call-2024\/","url":"https:\/\/videosoundart.com\/en\/open-call-2024\/","name":"Open Call 2024 - Video Sound Art","isPartOf":{"@id":"https:\/\/videosoundart.com\/en\/#website"},"primaryImageOfPage":{"@id":"https:\/\/videosoundart.com\/en\/open-call-2024\/#primaryimage"},"image":{"@id":"https:\/\/videosoundart.com\/en\/open-call-2024\/#primaryimage"},"thumbnailUrl":"https:\/\/videosoundart.com\/wp-content\/uploads\/2024\/07\/tools_for_conviviality_rashid-660x420_https___northernschool.info_node_600.jpg","datePublished":"2024-07-12T10:52:45+00:00","breadcrumb":{"@id":"https:\/\/videosoundart.com\/en\/open-call-2024\/#breadcrumb"},"inLanguage":"en-US","potentialAction":[{"@type":"ReadAction","target":["https:\/\/videosoundart.com\/en\/open-call-2024\/"]}]},{"@type":"ImageObject","inLanguage":"en-US","@id":"https:\/\/videosoundart.com\/en\/open-call-2024\/#primaryimage","url":"https:\/\/videosoundart.com\/wp-content\/uploads\/2024\/07\/tools_for_conviviality_rashid-660x420_https___northernschool.info_node_600.jpg","contentUrl":"https:\/\/videosoundart.com\/wp-content\/uploads\/2024\/07\/tools_for_conviviality_rashid-660x420_https___northernschool.info_node_600.jpg"},{"@type":"BreadcrumbList","@id":"https:\/\/videosoundart.com\/en\/open-call-2024\/#breadcrumb","itemListElement":[{"@type":"ListItem","position":1,"name":"Videosoundart","item":"https:\/\/videosoundart.com\/en\/"},{"@type":"ListItem","position":2,"name":"Open Call 2024"}]},{"@type":"WebSite","@id":"https:\/\/videosoundart.com\/en\/#website","url":"https:\/\/videosoundart.com\/en\/","name":"Video Sound Art","description":"Video Sound Art \u00e8 un progetto permanente che favorisce l&#039;applicazione delle nuove tecnologie digitali in ambito artistico.","publisher":{"@id":"https:\/\/videosoundart.com\/en\/#organization"},"potentialAction":[{"@type":"SearchAction","target":{"@type":"EntryPoint","urlTemplate":"https:\/\/videosoundart.com\/en\/?s={search_term_string}"},"query-input":{"@type":"PropertyValueSpecification","valueRequired":true,"valueName":"search_term_string"}}],"inLanguage":"en-US"},{"@type":"Organization","@id":"https:\/\/videosoundart.com\/en\/#organization","name":"Video Sound Art","url":"https:\/\/videosoundart.com\/en\/","logo":{"@type":"ImageObject","inLanguage":"en-US","@id":"https:\/\/videosoundart.com\/en\/#\/schema\/logo\/image\/","url":"https:\/\/videosoundart.com\/wp-content\/uploads\/2020\/01\/cropped-logo.png","contentUrl":"https:\/\/videosoundart.com\/wp-content\/uploads\/2020\/01\/cropped-logo.png","width":919,"height":600,"caption":"Video Sound Art"},"image":{"@id":"https:\/\/videosoundart.com\/en\/#\/schema\/logo\/image\/"}}]}},"featured_image_src":null,"featured_image_src_square":null,"_links":{"self":[{"href":"https:\/\/videosoundart.com\/en\/wp-json\/wp\/v2\/pages\/20625","targetHints":{"allow":["GET"]}}],"collection":[{"href":"https:\/\/videosoundart.com\/en\/wp-json\/wp\/v2\/pages"}],"about":[{"href":"https:\/\/videosoundart.com\/en\/wp-json\/wp\/v2\/types\/page"}],"author":[{"embeddable":true,"href":"https:\/\/videosoundart.com\/en\/wp-json\/wp\/v2\/users\/1"}],"replies":[{"embeddable":true,"href":"https:\/\/videosoundart.com\/en\/wp-json\/wp\/v2\/comments?post=20625"}],"version-history":[{"count":1,"href":"https:\/\/videosoundart.com\/en\/wp-json\/wp\/v2\/pages\/20625\/revisions"}],"predecessor-version":[{"id":20626,"href":"https:\/\/videosoundart.com\/en\/wp-json\/wp\/v2\/pages\/20625\/revisions\/20626"}],"wp:attachment":[{"href":"https:\/\/videosoundart.com\/en\/wp-json\/wp\/v2\/media?parent=20625"}],"curies":[{"name":"wp","href":"https:\/\/api.w.org\/{rel}","templated":true}]}}