{"id":10938,"date":"2020-08-18T22:08:54","date_gmt":"2020-08-18T20:08:54","guid":{"rendered":"https:\/\/videosoundart.com\/?page_id=10938"},"modified":"2022-11-03T23:06:41","modified_gmt":"2022-11-03T22:06:41","slug":"public-program","status":"publish","type":"page","link":"https:\/\/videosoundart.com\/en\/public-program\/","title":{"rendered":"Public Program"},"content":{"rendered":"\n<div class=\"wp-block-columns is-layout-flex wp-container-core-columns-is-layout-9d6595d7 wp-block-columns-is-layout-flex\">\n<div class=\"wp-block-column is-layout-flow wp-block-column-is-layout-flow\" style=\"flex-basis:66.66%\">\n<p><\/p>\n\n\n\n<p class=\"has-text-align-right\"><em>&#8220;I swim.<br>I seem to find myself and recognize myself when I return to this universal water. [\u2026]<br>Here, the whole body gives itself, recovers, gets to know itself, does its utmost and wants to<br>exhaust all its possibilities. \u201d<\/em>Paul Val\u00e9ry, <em>Inspirations M\u00e9diterran\u00e9ennes<\/em><\/p>\n\n\n\n<p class=\"has-text-align-left\">The act of swimming, as a moment of encounter and fusion between man and the <strong>landscape<\/strong>, accompanies<br>the entire program of the festival, which will be held this year at the Cozzi and Romano swimming pools.<br>After the long period of lockdown imposed by the pandemic, we are led to return to places and to<br>reformulate our relationship with the world. To push us, like the protagonists of Enrique Ramirez&#8217;s works,<br>to deserts and oceans, &#8220;deeply devoted to the unconscious cult of three or four indisputable divinities: the<br>Sea, the Sky, the Sun&#8221; (Val\u00e9ry).<\/p>\n\n\n\n<p class=\"has-text-align-left\"><strong>Gigi Masin<\/strong>, composer and first guest of the public program, also seems to pay tribute to these<br>divinities in his latest recording project: <em>Calypso<\/em>.<br>Composed on the island of Gavdos, where the nymph is thought to have imprisoned Odysseus,<br>the album dialogues with the rhythms and textures of the Mediterranean landscape. Masin lets<br>himself be carried away by the murmurs of nature and its original elements, reconciling in his<br>music sensitive image, mythical projection and l\u00f3gos.<\/p>\n\n\n\n<p class=\"has-text-align-left\">Gigi Masin will respond in the second exhibition to a performance by <strong>Sentieri Selvaggi<\/strong>, the contemporary<br>music ensemble founded in 1997 by Carlo Boccadoro, who will also curate the sonorization of the artwork.<\/p>\n\n\n\n<hr class=\"wp-block-separator has-alpha-channel-opacity\"\/>\n\n\n\n<p>There will be opportunities for the critical discussion of these issues through talks, performances and a <strong>special screening program<\/strong> in collaboration with <strong>Cinema Beltrade, Filmmaker Festival, Lake Como Film Festival, Il Cinemino<\/strong> and the Milanese production company <strong>Rosso Film<\/strong>.<br>A cycle of poolside screenings, to explore the movement-settlement dialectic from multiple perspectives,<br>the exploration of the unknown, the need to start a journey. In the pre-Socratic awareness that turning the<br>camera to the ocean is not just a stimulus to sensitivity, but the beginning of a physical and metaphysical<br>speculative process. In that ocean, Val\u00e9ry explains to us again, &#8220;the sensitive ingredients are gathered [\u2026] within which the most general thought is about to germinate: light and space, freedom and rhythm,<br>transparency and depth \u2026&#8221;<\/p>\n\n\n\n<p class=\"has-text-align-right\"><em>Davide Francalanci<\/em><\/p>\n\n\n\n<figure class=\"wp-block-image size-large\"><img loading=\"lazy\" decoding=\"async\" width=\"1024\" height=\"576\" src=\"https:\/\/videosoundart.com\/wp-content\/uploads\/2020\/09\/B7XK6E64K5C65ND4L474U4YTNQ-1024x576.jpg\" alt=\"\" class=\"wp-image-11142\" srcset=\"https:\/\/videosoundart.com\/wp-content\/uploads\/2020\/09\/B7XK6E64K5C65ND4L474U4YTNQ-1024x576.jpg 1024w, https:\/\/videosoundart.com\/wp-content\/uploads\/2020\/09\/B7XK6E64K5C65ND4L474U4YTNQ-300x169.jpg 300w, https:\/\/videosoundart.com\/wp-content\/uploads\/2020\/09\/B7XK6E64K5C65ND4L474U4YTNQ-768x432.jpg 768w, https:\/\/videosoundart.com\/wp-content\/uploads\/2020\/09\/B7XK6E64K5C65ND4L474U4YTNQ.jpg 1280w\" sizes=\"auto, (max-width: 1024px) 100vw, 1024px\" \/><figcaption>Werner Herzog, left, and Bruce Chatwin, c. 1983<\/figcaption><\/figure>\n<\/div>\n\n\n\n<div class=\"wp-block-column is-layout-flow wp-block-column-is-layout-flow\" style=\"flex-basis:33.33%\">\n<p class=\"has-text-align-right\">X edition<br><strong><em>The Reflecting Pool<\/em><\/strong><br>16 September \u2013 1 October Romano swimming pool<br>16 October \u2013 16 November Cozzi swimming pool<\/p>\n\n\n\n<p class=\"has-text-align-right\"><strong>With the support of:<\/strong><br>Fondazione Cariplo<br>Regione Lombardia<br>Directorate of Cultural Affairs of Ministry of Foreign Affairs of Chile (DIRAC)<\/p>\n\n\n\n<p class=\"has-text-align-right\"><strong>With the contribution of:<br><\/strong>MiBACT<\/p>\n\n\n\n<p class=\"has-text-align-right\"><strong>With the patronage of<\/strong>:<br>Comune di Milano<\/p>\n\n\n\n<p class=\"has-text-align-right\"><strong>Partner:<\/strong><br>Milanosport<br>Touring Club Italiano<br>Galleria Francesca Minini<br>Associazione Le Belle Arti<br>Studio Mosae<\/p>\n\n\n\n<p class=\"has-text-align-right\"><strong>In collaboration with:<\/strong><br>Le Cannibale<br>Sentieri selvaggi<br>Cinema Beltrade<br>Lake Como Film Festival<br>Filmmaker Festival<br>Il Cinemino<br>Rosso film<\/p>\n\n\n\n<p class=\"has-text-align-right\"><a href=\"https:\/\/videosoundart.com\/en\/the-reflecting-pool\/\"><strong>Discover the X edition<\/strong><\/a><\/p>\n<\/div>\n<\/div>\n\n\n\n<p><\/p>\n","protected":false},"excerpt":{"rendered":"<p>&#8220;I swim.I seem to find myself and recognize myself when I return to this universal water. [\u2026]Here, the whole body gives itself, recovers, gets to know itself, does its utmost and wants toexhaust all its possibilities. \u201dPaul Val\u00e9ry, Inspirations M\u00e9diterran\u00e9ennes The act of swimming, as a moment of encounter and fusion between man and the &hellip; <a href=\"https:\/\/videosoundart.com\/en\/public-program\/\">Continued<\/a><\/p>\n","protected":false},"author":1,"featured_media":0,"parent":0,"menu_order":0,"comment_status":"closed","ping_status":"closed","template":"","meta":{"_acf_changed":false,"footnotes":""},"class_list":["post-10938","page","type-page","status-publish","hentry"],"acf":[],"yoast_head":"<!-- This site is optimized with the Yoast SEO plugin v26.2 - https:\/\/yoast.com\/wordpress\/plugins\/seo\/ -->\n<title>Public Program - Video Sound Art<\/title>\n<meta name=\"robots\" content=\"index, follow, max-snippet:-1, max-image-preview:large, max-video-preview:-1\" \/>\n<link rel=\"canonical\" href=\"https:\/\/videosoundart.com\/en\/public-program\/\" \/>\n<meta property=\"og:locale\" content=\"en_US\" \/>\n<meta property=\"og:type\" content=\"article\" \/>\n<meta property=\"og:title\" content=\"Public Program - Video Sound Art\" \/>\n<meta property=\"og:description\" content=\"&#8220;I swim.I seem to find myself and recognize myself when I return to this universal water. [\u2026]Here, the whole body gives itself, recovers, gets to know itself, does its utmost and wants toexhaust all its possibilities. \u201dPaul Val\u00e9ry, Inspirations M\u00e9diterran\u00e9ennes The act of swimming, as a moment of encounter and fusion between man and the &hellip; Continued\" \/>\n<meta property=\"og:url\" content=\"https:\/\/videosoundart.com\/en\/public-program\/\" \/>\n<meta property=\"og:site_name\" content=\"Video Sound Art\" \/>\n<meta property=\"article:modified_time\" content=\"2022-11-03T22:06:41+00:00\" \/>\n<meta property=\"og:image\" content=\"https:\/\/videosoundart.com\/wp-content\/uploads\/2020\/09\/B7XK6E64K5C65ND4L474U4YTNQ-1024x576.jpg\" \/>\n<meta name=\"twitter:label1\" content=\"Est. reading time\" \/>\n\t<meta name=\"twitter:data1\" content=\"2 minutes\" \/>\n<script type=\"application\/ld+json\" class=\"yoast-schema-graph\">{\"@context\":\"https:\/\/schema.org\",\"@graph\":[{\"@type\":\"WebPage\",\"@id\":\"https:\/\/videosoundart.com\/en\/public-program\/\",\"url\":\"https:\/\/videosoundart.com\/en\/public-program\/\",\"name\":\"Public Program - Video Sound Art\",\"isPartOf\":{\"@id\":\"https:\/\/videosoundart.com\/en\/#website\"},\"primaryImageOfPage\":{\"@id\":\"https:\/\/videosoundart.com\/en\/public-program\/#primaryimage\"},\"image\":{\"@id\":\"https:\/\/videosoundart.com\/en\/public-program\/#primaryimage\"},\"thumbnailUrl\":\"https:\/\/videosoundart.com\/wp-content\/uploads\/2020\/09\/B7XK6E64K5C65ND4L474U4YTNQ-1024x576.jpg\",\"datePublished\":\"2020-08-18T20:08:54+00:00\",\"dateModified\":\"2022-11-03T22:06:41+00:00\",\"breadcrumb\":{\"@id\":\"https:\/\/videosoundart.com\/en\/public-program\/#breadcrumb\"},\"inLanguage\":\"en-US\",\"potentialAction\":[{\"@type\":\"ReadAction\",\"target\":[\"https:\/\/videosoundart.com\/en\/public-program\/\"]}]},{\"@type\":\"ImageObject\",\"inLanguage\":\"en-US\",\"@id\":\"https:\/\/videosoundart.com\/en\/public-program\/#primaryimage\",\"url\":\"https:\/\/videosoundart.com\/wp-content\/uploads\/2020\/09\/B7XK6E64K5C65ND4L474U4YTNQ-1024x576.jpg\",\"contentUrl\":\"https:\/\/videosoundart.com\/wp-content\/uploads\/2020\/09\/B7XK6E64K5C65ND4L474U4YTNQ-1024x576.jpg\"},{\"@type\":\"BreadcrumbList\",\"@id\":\"https:\/\/videosoundart.com\/en\/public-program\/#breadcrumb\",\"itemListElement\":[{\"@type\":\"ListItem\",\"position\":1,\"name\":\"Videosoundart\",\"item\":\"https:\/\/videosoundart.com\/en\/\"},{\"@type\":\"ListItem\",\"position\":2,\"name\":\"Public Program\"}]},{\"@type\":\"WebSite\",\"@id\":\"https:\/\/videosoundart.com\/en\/#website\",\"url\":\"https:\/\/videosoundart.com\/en\/\",\"name\":\"Video Sound Art\",\"description\":\"Video Sound Art \u00e8 un progetto permanente che favorisce l&#039;applicazione delle nuove tecnologie digitali in ambito artistico.\",\"publisher\":{\"@id\":\"https:\/\/videosoundart.com\/en\/#organization\"},\"potentialAction\":[{\"@type\":\"SearchAction\",\"target\":{\"@type\":\"EntryPoint\",\"urlTemplate\":\"https:\/\/videosoundart.com\/en\/?s={search_term_string}\"},\"query-input\":{\"@type\":\"PropertyValueSpecification\",\"valueRequired\":true,\"valueName\":\"search_term_string\"}}],\"inLanguage\":\"en-US\"},{\"@type\":\"Organization\",\"@id\":\"https:\/\/videosoundart.com\/en\/#organization\",\"name\":\"Video Sound Art\",\"url\":\"https:\/\/videosoundart.com\/en\/\",\"logo\":{\"@type\":\"ImageObject\",\"inLanguage\":\"en-US\",\"@id\":\"https:\/\/videosoundart.com\/en\/#\/schema\/logo\/image\/\",\"url\":\"https:\/\/videosoundart.com\/wp-content\/uploads\/2020\/01\/cropped-logo.png\",\"contentUrl\":\"https:\/\/videosoundart.com\/wp-content\/uploads\/2020\/01\/cropped-logo.png\",\"width\":919,\"height\":600,\"caption\":\"Video Sound Art\"},\"image\":{\"@id\":\"https:\/\/videosoundart.com\/en\/#\/schema\/logo\/image\/\"}}]}<\/script>\n<!-- \/ Yoast SEO plugin. -->","yoast_head_json":{"title":"Public Program - Video Sound Art","robots":{"index":"index","follow":"follow","max-snippet":"max-snippet:-1","max-image-preview":"max-image-preview:large","max-video-preview":"max-video-preview:-1"},"canonical":"https:\/\/videosoundart.com\/en\/public-program\/","og_locale":"en_US","og_type":"article","og_title":"Public Program - Video Sound Art","og_description":"&#8220;I swim.I seem to find myself and recognize myself when I return to this universal water. [\u2026]Here, the whole body gives itself, recovers, gets to know itself, does its utmost and wants toexhaust all its possibilities. \u201dPaul Val\u00e9ry, Inspirations M\u00e9diterran\u00e9ennes The act of swimming, as a moment of encounter and fusion between man and the &hellip; Continued","og_url":"https:\/\/videosoundart.com\/en\/public-program\/","og_site_name":"Video Sound Art","article_modified_time":"2022-11-03T22:06:41+00:00","og_image":[{"url":"https:\/\/videosoundart.com\/wp-content\/uploads\/2020\/09\/B7XK6E64K5C65ND4L474U4YTNQ-1024x576.jpg","type":"","width":"","height":""}],"twitter_misc":{"Est. reading time":"2 minutes"},"schema":{"@context":"https:\/\/schema.org","@graph":[{"@type":"WebPage","@id":"https:\/\/videosoundart.com\/en\/public-program\/","url":"https:\/\/videosoundart.com\/en\/public-program\/","name":"Public Program - Video Sound Art","isPartOf":{"@id":"https:\/\/videosoundart.com\/en\/#website"},"primaryImageOfPage":{"@id":"https:\/\/videosoundart.com\/en\/public-program\/#primaryimage"},"image":{"@id":"https:\/\/videosoundart.com\/en\/public-program\/#primaryimage"},"thumbnailUrl":"https:\/\/videosoundart.com\/wp-content\/uploads\/2020\/09\/B7XK6E64K5C65ND4L474U4YTNQ-1024x576.jpg","datePublished":"2020-08-18T20:08:54+00:00","dateModified":"2022-11-03T22:06:41+00:00","breadcrumb":{"@id":"https:\/\/videosoundart.com\/en\/public-program\/#breadcrumb"},"inLanguage":"en-US","potentialAction":[{"@type":"ReadAction","target":["https:\/\/videosoundart.com\/en\/public-program\/"]}]},{"@type":"ImageObject","inLanguage":"en-US","@id":"https:\/\/videosoundart.com\/en\/public-program\/#primaryimage","url":"https:\/\/videosoundart.com\/wp-content\/uploads\/2020\/09\/B7XK6E64K5C65ND4L474U4YTNQ-1024x576.jpg","contentUrl":"https:\/\/videosoundart.com\/wp-content\/uploads\/2020\/09\/B7XK6E64K5C65ND4L474U4YTNQ-1024x576.jpg"},{"@type":"BreadcrumbList","@id":"https:\/\/videosoundart.com\/en\/public-program\/#breadcrumb","itemListElement":[{"@type":"ListItem","position":1,"name":"Videosoundart","item":"https:\/\/videosoundart.com\/en\/"},{"@type":"ListItem","position":2,"name":"Public Program"}]},{"@type":"WebSite","@id":"https:\/\/videosoundart.com\/en\/#website","url":"https:\/\/videosoundart.com\/en\/","name":"Video Sound Art","description":"Video Sound Art \u00e8 un progetto permanente che favorisce l&#039;applicazione delle nuove tecnologie digitali in ambito artistico.","publisher":{"@id":"https:\/\/videosoundart.com\/en\/#organization"},"potentialAction":[{"@type":"SearchAction","target":{"@type":"EntryPoint","urlTemplate":"https:\/\/videosoundart.com\/en\/?s={search_term_string}"},"query-input":{"@type":"PropertyValueSpecification","valueRequired":true,"valueName":"search_term_string"}}],"inLanguage":"en-US"},{"@type":"Organization","@id":"https:\/\/videosoundart.com\/en\/#organization","name":"Video Sound Art","url":"https:\/\/videosoundart.com\/en\/","logo":{"@type":"ImageObject","inLanguage":"en-US","@id":"https:\/\/videosoundart.com\/en\/#\/schema\/logo\/image\/","url":"https:\/\/videosoundart.com\/wp-content\/uploads\/2020\/01\/cropped-logo.png","contentUrl":"https:\/\/videosoundart.com\/wp-content\/uploads\/2020\/01\/cropped-logo.png","width":919,"height":600,"caption":"Video Sound Art"},"image":{"@id":"https:\/\/videosoundart.com\/en\/#\/schema\/logo\/image\/"}}]}},"featured_image_src":null,"featured_image_src_square":null,"_links":{"self":[{"href":"https:\/\/videosoundart.com\/en\/wp-json\/wp\/v2\/pages\/10938","targetHints":{"allow":["GET"]}}],"collection":[{"href":"https:\/\/videosoundart.com\/en\/wp-json\/wp\/v2\/pages"}],"about":[{"href":"https:\/\/videosoundart.com\/en\/wp-json\/wp\/v2\/types\/page"}],"author":[{"embeddable":true,"href":"https:\/\/videosoundart.com\/en\/wp-json\/wp\/v2\/users\/1"}],"replies":[{"embeddable":true,"href":"https:\/\/videosoundart.com\/en\/wp-json\/wp\/v2\/comments?post=10938"}],"version-history":[{"count":18,"href":"https:\/\/videosoundart.com\/en\/wp-json\/wp\/v2\/pages\/10938\/revisions"}],"predecessor-version":[{"id":15928,"href":"https:\/\/videosoundart.com\/en\/wp-json\/wp\/v2\/pages\/10938\/revisions\/15928"}],"wp:attachment":[{"href":"https:\/\/videosoundart.com\/en\/wp-json\/wp\/v2\/media?parent=10938"}],"curies":[{"name":"wp","href":"https:\/\/api.w.org\/{rel}","templated":true}]}}